{"id":238,"date":"2020-10-09T11:01:35","date_gmt":"2020-10-09T11:01:35","guid":{"rendered":"http:\/\/legalisa-cp702.wordpresstemporal.com\/equipe\/"},"modified":"2021-07-23T13:59:12","modified_gmt":"2021-07-23T13:59:12","slug":"equipe","status":"publish","type":"page","link":"https:\/\/legalis.ad\/fr\/equipe\/","title":{"rendered":"Equipe"},"content":{"rendered":"<div class=\"wpb-content-wrapper\"><p>[vc_row css_animation=\u00a0\u00bb\u00a0\u00bb row_type=\u00a0\u00bbrow\u00a0\u00bb use_row_as_full_screen_section=\u00a0\u00bbno\u00a0\u00bb type=\u00a0\u00bbfull_width\u00a0\u00bb angled_section=\u00a0\u00bbno\u00a0\u00bb text_align=\u00a0\u00bbleft\u00a0\u00bb background_image_as_pattern=\u00a0\u00bbwithout_pattern\u00a0\u00bb z_index=\u00a0\u00bb\u00a0\u00bb css=\u00a0\u00bb.vc_custom_1601463283398{margin-top: -35px !important;}\u00a0\u00bb][vc_column][qode_elements_holder number_of_columns=\u00a0\u00bbone_column\u00a0\u00bb][qode_elements_holder_item advanced_animations=\u00a0\u00bbno\u00a0\u00bb item_padding=\u00a0\u00bb-25px 0% 0px\u00a0\u00bb]\n\t\t\t\t<p class=\"rs-p-wp-fix\"><\/p>\n\t\t\t\t<sr7-module data-alias=\"slider-1-1\" data-id=\"2\" id=\"SR7_2_1\" class=\"rs-ov-hidden\" data-version=\"6.7.51\">\n\t\t\t\t\t<sr7-adjuster><\/sr7-adjuster>\n\t\t\t\t\t<sr7-content>\n\t\t\t\t\t\t<sr7-slide id=\"SR7_2_1-2\" data-key=\"2\">\n\t\t\t\t\t\t\t<sr7-bg id=\"SR7_2_1-2-1\" class=\"sr7-layer\"><noscript><img decoding=\"async\" src=\"http:\/\/legalis.ad\/wp-content\/uploads\/2020\/12\/legalis-andorra-banner.jpeg\" alt=\"\" title=\"legalis-andorra-banner\"><\/noscript><\/sr7-bg>\n\t\t\t\t\t\t<\/sr7-slide>\n\t\t\t\t\t\t<sr7-slide id=\"SR7_2_1-7\" data-key=\"7\">\n\t\t\t\t\t\t<\/sr7-slide>\n\t\t\t\t\t<\/sr7-content>\n\t\t\t\t\t<image_lists style=\"display:none\">\n\t\t\t\t\t\t<img data-src=\"\/\/legalis.ad\/wp-content\/uploads\/2020\/12\/legalis-andorra-banner.jpeg\" data-libid=\"387\" data-lib=\"medialibrary\" title=\"legalis-andorra-banner\" width=\"0\" height=\"0\" data-dbsrc=\"Ly9sZWdhbGlzLmFkL3dwLWNvbnRlbnQvdXBsb2Fkcy8yMDIwLzEyL2xlZ2FsaXMtYW5kb3JyYS1iYW5uZXIuanBlZw==\"\/>\n\t\t\t\t\t<\/image_lists>\n\t\t\t\t<\/sr7-module>\n\t\t\t\t<script>\n\t\t\t\t\twindow.SR7 ??={};SR7.PMH ??={}; SR7.PMH[\"SR7_2_1\"] = {cn:100,state:false,fn: function() { if (window._tpt!==undefined && window._tpt.prepareModuleHeight !== undefined) {  _tpt.prepareModuleHeight({id:\"SR7_2_1\",el:[300,300,768,960,960],type:'standard',shdw:'0',gh:[300,300,350,960,960],gw:[1240,1240,1024,778,778],vpt:['-100px&#039;,&#039;-100px&#039;,&#039;-100px&#039;,&#039;-100px&#039;,&#039;-100px'],size:{fullWidth:true, fullHeight:false},mh:'0',onh:0,onw:0,bg:{color:'{\"orig\":\"transparent\",\"type\":\"solid\",\"string\":\"transparent\"}'},plType:'0',plColor:'#FFFFFF'});   SR7.PMH[\"SR7_2_1\"].state=true;} else if(SR7.PMH[\"SR7_2_1\"].cn-->0)\tsetTimeout( SR7.PMH[\"SR7_2_1\"].fn,19);}};SR7.PMH[\"SR7_2_1\" ].fn();\n\t\t\t\t<\/script>\n[\/qode_elements_holder_item][\/qode_elements_holder][\/vc_column][\/vc_row][vc_row css_animation=\u00a0\u00bb\u00a0\u00bb row_type=\u00a0\u00bbrow\u00a0\u00bb use_row_as_full_screen_section=\u00a0\u00bbno\u00a0\u00bb type=\u00a0\u00bbfull_width\u00a0\u00bb angled_section=\u00a0\u00bbno\u00a0\u00bb text_align=\u00a0\u00bbleft\u00a0\u00bb background_image_as_pattern=\u00a0\u00bbwithout_pattern\u00a0\u00bb][vc_column][qode_elements_holder number_of_columns=\u00a0\u00bbone_column\u00a0\u00bb][qode_elements_holder_item advanced_animations=\u00a0\u00bbno\u00a0\u00bb item_padding=\u00a0\u00bb100px 0% 0px\u00a0\u00bb item_padding_480_600=\u00a0\u00bb50px 0% 0px\u00a0\u00bb item_padding_480=\u00a0\u00bb50px 0% 0px\u00a0\u00bb][vc_column_text]<\/p>\n<h1>Notre \u00e9quipe<\/h1>\n<p>&nbsp;<\/p>\n<p>[\/vc_column_text][vc_empty_space height=\u00a0\u00bb15px\u00a0\u00bb][vc_column_text]Les professionnels de Legalis Advocats apportent nos connaissances et notre vaste exp\u00e9rience dans le secteur des services juridiques dans le but de conseiller et d&rsquo;apporter des solutions aux clients priv\u00e9s et aux entreprises.<\/p>\n<p>[\/vc_column_text][\/qode_elements_holder_item][\/qode_elements_holder][\/vc_column][\/vc_row][vc_row css_animation=\u00a0\u00bb\u00a0\u00bb row_type=\u00a0\u00bbrow\u00a0\u00bb use_row_as_full_screen_section=\u00a0\u00bbno\u00a0\u00bb type=\u00a0\u00bbfull_width\u00a0\u00bb angled_section=\u00a0\u00bbno\u00a0\u00bb text_align=\u00a0\u00bbleft\u00a0\u00bb background_image_as_pattern=\u00a0\u00bbwithout_pattern\u00a0\u00bb][vc_column][qode_elements_holder number_of_columns=\u00a0\u00bbone_column\u00a0\u00bb][qode_elements_holder_item advanced_animations=\u00a0\u00bbno\u00a0\u00bb item_padding_480_600=\u00a0\u00bb50px 0% 0px\u00a0\u00bb item_padding_480=\u00a0\u00bb50px 0% 0px\u00a0\u00bb item_padding=\u00a0\u00bb40px 0% 0px\u00a0\u00bb][vc_column_text]<\/p>\n<h3><strong><span style=\"color: #000000;\">Les partenaires sont:<\/span><\/strong><\/h3>\n<p>&nbsp;<\/p>\n<p>[\/vc_column_text][\/qode_elements_holder_item][\/qode_elements_holder][\/vc_column][\/vc_row][vc_row css_animation=\u00a0\u00bb\u00a0\u00bb row_type=\u00a0\u00bbrow\u00a0\u00bb use_row_as_full_screen_section=\u00a0\u00bbno\u00a0\u00bb type=\u00a0\u00bbgrid\u00a0\u00bb angled_section=\u00a0\u00bbno\u00a0\u00bb text_align=\u00a0\u00bbleft\u00a0\u00bb background_image_as_pattern=\u00a0\u00bbwithout_pattern\u00a0\u00bb z_index=\u00a0\u00bb\u00a0\u00bb][vc_column][qode_elements_holder number_of_columns=\u00a0\u00bbthree_columns\u00a0\u00bb][qode_elements_holder_item vertical_alignment=\u00a0\u00bbtop\u00a0\u00bb advanced_animations=\u00a0\u00bbno\u00a0\u00bb item_padding=\u00a0\u00bb25px 5% 100px 0%\u00a0\u00bb item_padding_480_600=\u00a0\u00bb0px 0% 50px\u00a0\u00bb item_padding_480=\u00a0\u00bb0px 0% 50px\u00a0\u00bb][vc_column_text]<strong><span style=\"color: #811937;\">Lloren\u00e7 BALLESTER ECHENIQUE<\/span><\/strong><\/p>\n<p>Licence en droit de l&rsquo;Universit\u00e9 de Barcelone.<\/p>\n<p>Sp\u00e9cialit\u00e9 en droit administratif et urbain.<\/p>\n<p>Avocat exer\u00e7ant depuis 1998.<\/p>\n<p>Inscription n\u00fam 147 au Barreau des Avocats d\u2019Andorre.<\/p>\n<p>&nbsp;<\/p>\n<p>Secr\u00e9taire judiciaire aupr\u00e8s de la Batllia d\u2019Andorre (tribunal de premi\u00e8re instance).[\/vc_column_text][\/qode_elements_holder_item][qode_elements_holder_item vertical_alignment=\u00a0\u00bbtop\u00a0\u00bb advanced_animations=\u00a0\u00bbno\u00a0\u00bb item_padding=\u00a0\u00bb25px 5% 100px 0%\u00a0\u00bb item_padding_480_600=\u00a0\u00bb0px 0% 50px\u00a0\u00bb item_padding_480=\u00a0\u00bb0px 0% 50px\u00a0\u00bb][vc_column_text]<strong><span style=\"color: #811937;\">Cristina BIFET GARCIA<\/span><\/strong><\/p>\n<p>Licence en droit de l&rsquo;Universit\u00e9 de Toulouse.<\/p>\n<p>Sp\u00e9cialit\u00e9 en droit civil.<\/p>\n<p>Avocat exer\u00e7ant depuis 2000.<\/p>\n<p>\u00c9tudes sup\u00e8rieurs en droit andorran.<\/p>\n<p>Inscription n\u00fam 154 au Barreau des Avocats d\u2019Andorre.<\/p>\n<p>&nbsp;<\/p>\n<p>Secr\u00e9taire judiciaire aupr\u00e8s de la Batllia d\u2019Andorre (tribunal de premi\u00e8re instance).[\/vc_column_text][\/qode_elements_holder_item][qode_elements_holder_item vertical_alignment=\u00a0\u00bbtop\u00a0\u00bb advanced_animations=\u00a0\u00bbno\u00a0\u00bb item_padding=\u00a0\u00bb25px 0% 100px\u00a0\u00bb item_padding_480_600=\u00a0\u00bb50px 0% 50px\u00a0\u00bb item_padding_480=\u00a0\u00bb50px 0% 50px\u00a0\u00bb][vc_column_text]<strong><span style=\"color: #811937;\">Miquel JULI\u00c0 i VILA<\/span><\/strong><\/p>\n<p>Licence en droit de l&rsquo;Universit\u00e9 de Barcelone.<\/p>\n<p>Sp\u00e9cialit\u00e9 Droit Civil Catalan.<\/p>\n<p>Avocat exer\u00e7ant depuis 2000.<\/p>\n<p>Inscription n\u00fam 88 au Barreau des Avocats d\u2019Andorre.<\/p>\n<p>&nbsp;<\/p>\n<p>Il avait \u00e9t\u00e9 juge en Andorre (tribunal de premi\u00e8re instance).<\/p>\n<p>Il a collabor\u00e9 en tant que professeur \u00e0 l&rsquo;Universit\u00e9 d&rsquo;Andorre.[\/vc_column_text][\/qode_elements_holder_item][\/qode_elements_holder][\/vc_column][\/vc_row]<\/p>\n<\/div>","protected":false},"excerpt":{"rendered":"<p>[vc_row css_animation=\u00a0\u00bb\u00a0\u00bb row_type=\u00a0\u00bbrow\u00a0\u00bb use_row_as_full_screen_section=\u00a0\u00bbno\u00a0\u00bb type=\u00a0\u00bbfull_width\u00a0\u00bb angled_section=\u00a0\u00bbno\u00a0\u00bb text_align=\u00a0\u00bbleft\u00a0\u00bb background_image_as_pattern=\u00a0\u00bbwithout_pattern\u00a0\u00bb z_index=\u00a0\u00bb\u00a0\u00bb css=\u00a0\u00bb.vc_custom_1601463283398{margin-top: -35px !important;}\u00a0\u00bb][vc_column][qode_elements_holder number_of_columns=\u00a0\u00bbone_column\u00a0\u00bb][qode_elements_holder_item advanced_animations=\u00a0\u00bbno\u00a0\u00bb item_padding=\u00a0\u00bb-25px 0% 0px\u00a0\u00bb][\/qode_elements_holder_item][\/qode_elements_holder][\/vc_column][\/vc_row][vc_row css_animation=\u00a0\u00bb\u00a0\u00bb row_type=\u00a0\u00bbrow\u00a0\u00bb use_row_as_full_screen_section=\u00a0\u00bbno\u00a0\u00bb type=\u00a0\u00bbfull_width\u00a0\u00bb angled_section=\u00a0\u00bbno\u00a0\u00bb text_align=\u00a0\u00bbleft\u00a0\u00bb background_image_as_pattern=\u00a0\u00bbwithout_pattern\u00a0\u00bb][vc_column][qode_elements_holder number_of_columns=\u00a0\u00bbone_column\u00a0\u00bb][qode_elements_holder_item advanced_animations=\u00a0\u00bbno\u00a0\u00bb item_padding=\u00a0\u00bb100px 0% 0px\u00a0\u00bb item_padding_480_600=\u00a0\u00bb50px 0% 0px\u00a0\u00bb item_padding_480=\u00a0\u00bb50px 0% 0px\u00a0\u00bb][vc_column_text] Notre \u00e9quipe &nbsp; [\/vc_column_text][vc_empty_space height=\u00a0\u00bb15px\u00a0\u00bb][vc_column_text]Les professionnels de Legalis Advocats apportent&#8230;<\/p>\n","protected":false},"author":1,"featured_media":0,"parent":0,"menu_order":0,"comment_status":"closed","ping_status":"closed","template":"","meta":{"footnotes":""},"class_list":["post-238","page","type-page","status-publish","hentry"],"_links":{"self":[{"href":"https:\/\/legalis.ad\/fr\/wp-json\/wp\/v2\/pages\/238","targetHints":{"allow":["GET"]}}],"collection":[{"href":"https:\/\/legalis.ad\/fr\/wp-json\/wp\/v2\/pages"}],"about":[{"href":"https:\/\/legalis.ad\/fr\/wp-json\/wp\/v2\/types\/page"}],"author":[{"embeddable":true,"href":"https:\/\/legalis.ad\/fr\/wp-json\/wp\/v2\/users\/1"}],"replies":[{"embeddable":true,"href":"https:\/\/legalis.ad\/fr\/wp-json\/wp\/v2\/comments?post=238"}],"version-history":[{"count":5,"href":"https:\/\/legalis.ad\/fr\/wp-json\/wp\/v2\/pages\/238\/revisions"}],"predecessor-version":[{"id":425,"href":"https:\/\/legalis.ad\/fr\/wp-json\/wp\/v2\/pages\/238\/revisions\/425"}],"wp:attachment":[{"href":"https:\/\/legalis.ad\/fr\/wp-json\/wp\/v2\/media?parent=238"}],"curies":[{"name":"wp","href":"https:\/\/api.w.org\/{rel}","templated":true}]}}