{"id":202,"date":"2020-10-09T10:12:11","date_gmt":"2020-10-09T10:12:11","guid":{"rendered":"http:\/\/legalisa-cp702.wordpresstemporal.com\/page-daccueil\/"},"modified":"2021-02-16T16:20:08","modified_gmt":"2021-02-16T16:20:08","slug":"page-daccueil","status":"publish","type":"page","link":"https:\/\/legalis.ad\/fr\/","title":{"rendered":"Page d&rsquo;accueil"},"content":{"rendered":"<div class=\"wpb-content-wrapper\"><p>[vc_row css_animation=\u00a0\u00bb\u00a0\u00bb row_type=\u00a0\u00bbrow\u00a0\u00bb use_row_as_full_screen_section=\u00a0\u00bbno\u00a0\u00bb type=\u00a0\u00bbfull_width\u00a0\u00bb angled_section=\u00a0\u00bbno\u00a0\u00bb text_align=\u00a0\u00bbleft\u00a0\u00bb background_image_as_pattern=\u00a0\u00bbwithout_pattern\u00a0\u00bb][vc_column][qode_elements_holder number_of_columns=\u00a0\u00bbone_column\u00a0\u00bb][qode_elements_holder_item advanced_animations=\u00a0\u00bbno\u00a0\u00bb item_padding=\u00a0\u00bb-25px 0px 0px\u00a0\u00bb]\n\t\t\t\t<p class=\"rs-p-wp-fix\"><\/p>\n\t\t\t\t<sr7-module data-alias=\"home-fr\" data-id=\"3\" id=\"SR7_3_1\" class=\"rs-ov-hidden\" data-version=\"6.7.51\">\n\t\t\t\t\t<sr7-adjuster><\/sr7-adjuster>\n\t\t\t\t\t<sr7-content>\n\t\t\t\t\t\t<sr7-slide id=\"SR7_3_1-3\" data-key=\"3\">\n\t\t\t\t\t\t\t<sr7-bg id=\"SR7_3_1-3-3\" class=\"sr7-layer\"><noscript><img decoding=\"async\" src=\"http:\/\/legalis.ad\/wp-content\/uploads\/2020\/12\/slider-home-legalis-andorra-1.jpeg\" alt=\"\" title=\"slider-home-legalis-andorra\"><\/noscript><\/sr7-bg>\n\t\t\t\t\t\t\t<h1 id=\"SR7_3_1-3-0\" class=\"sr7-layer\">Services juridiques de qualit\u00e9 en Andorre<\/h1>\n\t\t\t\t\t\t\t<sr7-txt id=\"SR7_3_1-3-1\" class=\"sr7-layer\">Legalis Advocats est un cabinet d'avocats cr\u00e9\u00e9 en 2004 d\u00e9di\u00e9 au conseil juridique aux particuliers, professionnels et entreprises en Andorre.<\/sr7-txt>\n\t\t\t\t\t\t\t<sr7-txt id=\"SR7_3_1-3-2\" class=\"sr7-layer\">Connaissez-nous<\/sr7-txt>\n\t\t\t\t\t\t<\/sr7-slide>\n\t\t\t\t\t\t<sr7-slide id=\"SR7_3_1-8\" data-key=\"8\">\n\t\t\t\t\t\t<\/sr7-slide>\n\t\t\t\t\t<\/sr7-content>\n\t\t\t\t\t<image_lists style=\"display:none\">\n\t\t\t\t\t\t<img data-src=\"\/\/legalis.ad\/wp-content\/uploads\/2020\/12\/slider-home-legalis-andorra-1.jpeg\" data-libid=\"396\" data-lib=\"medialibrary\" title=\"slider-home-legalis-andorra\" width=\"0\" height=\"0\" data-dbsrc=\"Ly9sZWdhbGlzLmFkL3dwLWNvbnRlbnQvdXBsb2Fkcy8yMDIwLzEyL3NsaWRlci1ob21lLWxlZ2FsaXMtYW5kb3JyYS0xLmpwZWc=\"\/>\n\t\t\t\t\t<\/image_lists>\n\t\t\t\t<\/sr7-module>\n\t\t\t\t<script>\n\t\t\t\t\twindow.SR7 ??={};SR7.PMH ??={}; SR7.PMH[\"SR7_3_1\"] = {cn:100,state:false,fn: function() { if (window._tpt!==undefined && window._tpt.prepareModuleHeight !== undefined) {  _tpt.prepareModuleHeight({id:\"SR7_3_1\",el:[700,700,768,960,620],type:'standard',shdw:'0',gh:[700,700,768,960,620],gw:[1240,1240,1024,778,480],vpt:['-100px&#039;,&#039;-100px&#039;,&#039;-100px&#039;,&#039;-100px&#039;,&#039;-100px'],size:{fullWidth:true, fullHeight:false},mh:'0',onh:0,onw:0,bg:{color:'{\"orig\":\"transparent\",\"type\":\"solid\",\"string\":\"transparent\"}'},plType:'0',plColor:'#FFFFFF'});   SR7.PMH[\"SR7_3_1\"].state=true;} else if(SR7.PMH[\"SR7_3_1\"].cn-->0)\tsetTimeout( SR7.PMH[\"SR7_3_1\"].fn,19);}};SR7.PMH[\"SR7_3_1\" ].fn();\n\t\t\t\t<\/script>\n[\/qode_elements_holder_item][\/qode_elements_holder][\/vc_column][\/vc_row][vc_row css_animation=\u00a0\u00bb\u00a0\u00bb row_type=\u00a0\u00bbrow\u00a0\u00bb use_row_as_full_screen_section=\u00a0\u00bbno\u00a0\u00bb type=\u00a0\u00bbgrid\u00a0\u00bb angled_section=\u00a0\u00bbno\u00a0\u00bb text_align=\u00a0\u00bbleft\u00a0\u00bb background_image_as_pattern=\u00a0\u00bbwithout_pattern\u00a0\u00bb z_index=\u00a0\u00bb\u00a0\u00bb el_id=\u00a0\u00bbespecialitats\u00a0\u00bb][vc_column][qode_elements_holder number_of_columns=\u00a0\u00bbone_column\u00a0\u00bb][qode_elements_holder_item horizontal_alignment=\u00a0\u00bbcenter\u00a0\u00bb advanced_animations=\u00a0\u00bbno\u00a0\u00bb item_padding=\u00a0\u00bb25px 0px 25px\u00a0\u00bb][vc_column_text el_class=\u00a0\u00bbhome-services\u00a0\u00bb]<strong>Domaines de sp\u00e9cialisation<\/strong><\/p>\n<p>[\/vc_column_text][vc_empty_space height=\u00a0\u00bb10px\u00a0\u00bb][vc_column_text]Legalis Advocats est un cabinet d&rsquo;avocats cr\u00e9\u00e9 en 2004 d\u00e9di\u00e9 au conseil juridique aux particuliers, professionnels et entreprises en Andorre.<\/p>\n<p>[\/vc_column_text][\/qode_elements_holder_item][\/qode_elements_holder][\/vc_column][\/vc_row][vc_row css_animation=\u00a0\u00bb\u00a0\u00bb row_type=\u00a0\u00bbrow\u00a0\u00bb use_row_as_full_screen_section=\u00a0\u00bbno\u00a0\u00bb type=\u00a0\u00bbgrid\u00a0\u00bb angled_section=\u00a0\u00bbno\u00a0\u00bb text_align=\u00a0\u00bbleft\u00a0\u00bb background_image_as_pattern=\u00a0\u00bbwithout_pattern\u00a0\u00bb el_class=\u00a0\u00bbbox-service-home\u00a0\u00bb z_index=\u00a0\u00bb\u00a0\u00bb][vc_column offset=\u00a0\u00bbvc_col-lg-4&Prime;][qode_elements_holder number_of_columns=\u00a0\u00bbone_column\u00a0\u00bb][qode_elements_holder_item advanced_animations=\u00a0\u00bbno\u00a0\u00bb background_color=\u00a0\u00bb#f7f7f7&Prime; custom_class=\u00a0\u00bbbox-service-home\u00a0\u00bb][vc_raw_html el_class=\u00a0\u00bbcolumn\u00a0\u00bb]PGgyPkNpdmlsPC9oMj4NCjx1bD4NCjxsaT5Db250cmF0czwvbGk+DQo8bGk+QmF1eCBldCBleHB1bHNpb25zPC9saT4NCjxsaT5Ecm9pdCBkZSBsYSBwcm9wcmnDqXTDqSAvIGNvbW11bmF1dMOpcyBkZSBwcm9wcmnDqXRhaXJlczwvbGk+DQo8bGk+UmVzcG9uc2FiaWxpdMOpIGNpdmlsZTwvbGk+DQo8bGk+UsOpY2xhbWF0aW9ucyBkZSBxdWFudGl0w6k8L2xpPg0KPGxpPkZvbmRhdGlvbnMgZXQgYXNzb2NpYXRpb25zPC9saT4NCjxsaT5Ecm9pdHMgZHUgY29uc29tbWF0ZXVyPC9saT4NCjxsaT5Db250ZW50aWV1eCBldCBhcmJpdHJhZ2VzIHByaXbDqXM8L2xpPg0KPC91bD4=[\/vc_raw_html][vc_empty_space height=\u00a0\u00bb20px\u00a0\u00bb css=\u00a0\u00bb.vc_custom_1601378384022{background-color: #ffffff !important;}\u00a0\u00bb][\/qode_elements_holder_item][\/qode_elements_holder][\/vc_column][vc_column offset=\u00a0\u00bbvc_col-lg-4&Prime;][qode_elements_holder number_of_columns=\u00a0\u00bbone_column\u00a0\u00bb][qode_elements_holder_item advanced_animations=\u00a0\u00bbno\u00a0\u00bb background_color=\u00a0\u00bb#f7f7f7&Prime;][vc_raw_html el_class=\u00a0\u00bbcolumn\u00a0\u00bb]JTNDaDIlM0VEcm9pdCUyMGRlcyUyMGFmZmFpcmVzJTNDJTJGaDIlM0UlMEElM0N1bCUzRSUwQSUzQ2xpJTNFQ29udHJhdHMlM0MlMkZsaSUzRSUwQSUzQ2xpJTNFU29jaSVDMyVBOXQlQzMlQTlzJTNDJTJGbGklM0UlMEElM0NsaSUzRUFjY29yZHMlMjBkZSUyMHBhcnRlbmFyaWF0JTNDJTJGbGklM0UlMEElM0NsaSUzRUNvbnNlaWwlMjBqdXJpZGlxdWUlMjBjb21wbGV0JTIwYXV4JTIwZW50cmVwcmlzZXMlMkMlMjBhdXglMjBwcm9mZXNzaW9ubmVscyUyMGV0JTIwYXV4JTIwcGFydGljdWxpZXJzJTNDJTJGbGklM0UlMEElM0NsaSUzRVByb2MlQzMlQTlkdXJlJTIwZGUlMjBmYWlsbGl0ZSUzQyUyRmxpJTNFJTBBJTNDbGklM0VDb250ZW50aWV1eCUyMGV0JTIwYXJiaXRyYWdlcyUyMHByaXYlQzMlQTlzJTNDJTJGbGklM0UlMEElM0MlMkZ1bCUzRQ==[\/vc_raw_html][vc_empty_space height=\u00a0\u00bb20px\u00a0\u00bb css=\u00a0\u00bb.vc_custom_1601378408102{background-color: #ffffff !important;}\u00a0\u00bb][\/qode_elements_holder_item][\/qode_elements_holder][\/vc_column][vc_column offset=\u00a0\u00bbvc_col-lg-4&Prime;][qode_elements_holder number_of_columns=\u00a0\u00bbone_column\u00a0\u00bb][qode_elements_holder_item advanced_animations=\u00a0\u00bbno\u00a0\u00bb background_color=\u00a0\u00bb#f7f7f7&Prime;][vc_raw_html el_class=\u00a0\u00bbcolumn\u00a0\u00bb]JTNDaDIlM0VEcm9pdCUyMGR1JTIwdHJhdmFpbCUzQyUyRmgyJTNFJTBBJTNDdWwlM0UlMEElM0NsaSUzRUNvbnRyYXRzJTNDJTJGbGklM0UlMEElM0NsaSUzRUxpY2VuY2llbWVudHMlM0MlMkZsaSUzRSUwQSUzQ2xpJTNFU2FuY3Rpb25zJTIwZXQlMjBpbmRlbW5pc2F0aW9uJTNDJTJGbGklM0UlMEElM0NsaSUzRUNBU1MlMjAlMjhpbnZhbGlkaXQlQzMlQTklMkMlMjBwZW5zaW9ucyUyOSUzQyUyRmxpJTNFJTBBJTNDbGklM0VDb250ZW50aWV1eCUyMGV0JTIwYXJiaXRyYWdlcyUyMHByaXYlQzMlQTlzJTNDJTJGbGklM0UlMEElM0MlMkZ1bCUzRQ==[\/vc_raw_html][vc_empty_space height=\u00a0\u00bb20px\u00a0\u00bb css=\u00a0\u00bb.vc_custom_1601378413534{background-color: #ffffff !important;}\u00a0\u00bb][\/qode_elements_holder_item][\/qode_elements_holder][\/vc_column][\/vc_row][vc_row css_animation=\u00a0\u00bb\u00a0\u00bb row_type=\u00a0\u00bbrow\u00a0\u00bb use_row_as_full_screen_section=\u00a0\u00bbno\u00a0\u00bb type=\u00a0\u00bbfull_width\u00a0\u00bb angled_section=\u00a0\u00bbno\u00a0\u00bb text_align=\u00a0\u00bbleft\u00a0\u00bb background_image_as_pattern=\u00a0\u00bbwithout_pattern\u00a0\u00bb][vc_column][vc_empty_space height=\u00a0\u00bb20px\u00a0\u00bb][\/vc_column][\/vc_row][vc_row css_animation=\u00a0\u00bb\u00a0\u00bb row_type=\u00a0\u00bbrow\u00a0\u00bb use_row_as_full_screen_section=\u00a0\u00bbno\u00a0\u00bb type=\u00a0\u00bbgrid\u00a0\u00bb angled_section=\u00a0\u00bbno\u00a0\u00bb text_align=\u00a0\u00bbleft\u00a0\u00bb background_image_as_pattern=\u00a0\u00bbwithout_pattern\u00a0\u00bb el_class=\u00a0\u00bbbox-service-home\u00a0\u00bb z_index=\u00a0\u00bb\u00a0\u00bb][vc_column offset=\u00a0\u00bbvc_col-lg-4&Prime;][qode_elements_holder number_of_columns=\u00a0\u00bbone_column\u00a0\u00bb][qode_elements_holder_item advanced_animations=\u00a0\u00bbno\u00a0\u00bb background_color=\u00a0\u00bb#f7f7f7&Prime; custom_class=\u00a0\u00bbbox-service-home\u00a0\u00bb][vc_raw_html el_class=\u00a0\u00bbcolumn\u00a0\u00bb]PGgyPkFkbWluaXN0cmF0aWY8L2gyPg0KPHVsPg0KPGxpPk1hcmNow6lzIHB1YmxpY3M8L2xpPg0KPGxpPkNvbmNvdXJzIHB1YmxpY3M8L2xpPg0KPGxpPlVyYmFuaXNtZTwvbGk+DQo8bGk+QXV0b3Jpc2F0aW9ucyBldCBsaWNlbmNlczwvbGk+DQo8bGk+RG91YW5lPC9saT4NCjxsaT7DiXRyYW5nZXJzIChyw6lzaWRlbmNlcyBwYXNzaXZlcyk8L2xpPg0KPGxpPkludmVzdGlzc2VtZW50IMOpdHJhbmdlcjwvbGk+DQo8bGk+Q29udGVudGlldXg8L2xpPg0KPC91bD4=[\/vc_raw_html][vc_empty_space height=\u00a0\u00bb20px\u00a0\u00bb css=\u00a0\u00bb.vc_custom_1601378423526{background-color: #ffffff !important;}\u00a0\u00bb][\/qode_elements_holder_item][\/qode_elements_holder][\/vc_column][vc_column offset=\u00a0\u00bbvc_col-lg-4&Prime;][qode_elements_holder number_of_columns=\u00a0\u00bbone_column\u00a0\u00bb][qode_elements_holder_item advanced_animations=\u00a0\u00bbno\u00a0\u00bb background_color=\u00a0\u00bb#f7f7f7&Prime;][vc_raw_html el_class=\u00a0\u00bbcolumn\u00a0\u00bb]PGgyPkZhbWlsbGUgZXQgc3VjY2Vzc2lvbnM8L2gyPg0KPHVsPg0KPGxpPlPDqXBhcmF0aW9ucywgZGl2b3JjZXMgZXQgbWVzdXJlcyBwYXRlcm5lbGxlcy1maWxpYWxlczwvbGk+DQo8bGk+VW5pb25zIGNpdmlsZXMgZXQgdW5pb25zIHN0YWJsZXMgZGUgY291cGxlPC9saT4NCjxsaT5BY2NvcmRzIGV0IHLDqWdpbWUgw6ljb25vbWlxdWUgZXQgbWF0cmltb25pYWw8L2xpPg0KPGxpPlN1Y2Nlc3Npb25zPC9saT4NCjxsaT5JbmNhcGFjaXTDqXMganVkaWNpYWlyZXM8L2xpPg0KPGxpPkVuZmFuY2U8L2xpPg0KPGxpPkNvbnRlbnRpZXV4PC9saT4NCjwvdWw+[\/vc_raw_html][vc_empty_space height=\u00a0\u00bb20px\u00a0\u00bb css=\u00a0\u00bb.vc_custom_1601378428909{background-color: #ffffff !important;}\u00a0\u00bb][\/qode_elements_holder_item][\/qode_elements_holder][\/vc_column][vc_column offset=\u00a0\u00bbvc_col-lg-4&Prime;][qode_elements_holder number_of_columns=\u00a0\u00bbone_column\u00a0\u00bb][qode_elements_holder_item advanced_animations=\u00a0\u00bbno\u00a0\u00bb background_color=\u00a0\u00bb#f7f7f7&Prime;][vc_raw_html el_class=\u00a0\u00bbcolumn\u00a0\u00bb]PGgyPlByb3ByacOpdMOpIGludGVsbGVjdHVlbGxlIGV0IFByb3RlY3Rpb24gZGVzIERvbm7DqWVzPC9oMj4NCjx1bD4NCjxsaT5Ecm9pdHMgZCdhdXRldXIgZXQgdm9pc2luczwvbGk+DQo8bGk+UHJvdGVjdGlvbiBkZXMgZG9ubsOpZXM8L2xpPg0KPC91bD4=[\/vc_raw_html][vc_empty_space height=\u00a0\u00bb20px\u00a0\u00bb css=\u00a0\u00bb.vc_custom_1601378435885{background-color: #ffffff !important;}\u00a0\u00bb][\/qode_elements_holder_item][\/qode_elements_holder][\/vc_column][\/vc_row][vc_row css_animation=\u00a0\u00bb\u00a0\u00bb row_type=\u00a0\u00bbrow\u00a0\u00bb use_row_as_full_screen_section=\u00a0\u00bbno\u00a0\u00bb type=\u00a0\u00bbfull_width\u00a0\u00bb angled_section=\u00a0\u00bbno\u00a0\u00bb text_align=\u00a0\u00bbleft\u00a0\u00bb background_image_as_pattern=\u00a0\u00bbwithout_pattern\u00a0\u00bb][vc_column][vc_empty_space height=\u00a0\u00bb50px\u00a0\u00bb][\/vc_column][\/vc_row][vc_row css_animation=\u00a0\u00bb\u00a0\u00bb row_type=\u00a0\u00bbrow\u00a0\u00bb use_row_as_full_screen_section=\u00a0\u00bbno\u00a0\u00bb type=\u00a0\u00bbfull_width\u00a0\u00bb angled_section=\u00a0\u00bbno\u00a0\u00bb text_align=\u00a0\u00bbleft\u00a0\u00bb background_image_as_pattern=\u00a0\u00bbwithout_pattern\u00a0\u00bb z_index=\u00a0\u00bb\u00a0\u00bb background_image=\u00a0\u00bb389&Prime;][vc_column][qode_elements_holder number_of_columns=\u00a0\u00bbone_column\u00a0\u00bb][qode_elements_holder_item horizontal_alignment=\u00a0\u00bbcenter\u00a0\u00bb advanced_animations=\u00a0\u00bbno\u00a0\u00bb item_padding=\u00a0\u00bb50px 0% 50px\u00a0\u00bb][vc_column_text el_class=\u00a0\u00bbhome-banner\u00a0\u00bb]\u00cates-vous int\u00e9ressez par nos services ?[\/vc_column_text][vc_empty_space height=\u00a0\u00bb10px\u00a0\u00bb][vc_column_text el_class=\u00a0\u00bbhome-banner-text\u00a0\u00bb]Nous nous engageons \u00e0 fournir le meilleur service \u00e0 nos clients, avec connaissances, exp\u00e9rience et d\u00e9vouement.<\/p>\n<p>[\/vc_column_text][vc_empty_space height=\u00a0\u00bb20px\u00a0\u00bb]<a  itemprop=\"url\" href=\"#contacta\" target=\"_self\" data-hover-background-color=\"#f7f7f7\" data-hover-border-color=\"#f7f7f7\" data-hover-color=\"#1e1e1e\" class=\"qbutton  center default\" style=\"color: #ffffff; border-color: #811937; border-radius: 20px;-moz-border-radius: 20px;-webkit-border-radius: 20px; background-color:#811937;\">Demander un rendez-vous<\/a>[\/qode_elements_holder_item][\/qode_elements_holder][\/vc_column][\/vc_row][vc_row css_animation=\u00a0\u00bb\u00a0\u00bb row_type=\u00a0\u00bbrow\u00a0\u00bb use_row_as_full_screen_section=\u00a0\u00bbno\u00a0\u00bb type=\u00a0\u00bbgrid\u00a0\u00bb angled_section=\u00a0\u00bbno\u00a0\u00bb text_align=\u00a0\u00bbleft\u00a0\u00bb background_image_as_pattern=\u00a0\u00bbwithout_pattern\u00a0\u00bb z_index=\u00a0\u00bb\u00a0\u00bb el_id=\u00a0\u00bbnosaltres\u00a0\u00bb][vc_column offset=\u00a0\u00bbvc_col-lg-6&Prime;][qode_elements_holder number_of_columns=\u00a0\u00bbone_column\u00a0\u00bb][qode_elements_holder_item advanced_animations=\u00a0\u00bbno\u00a0\u00bb item_padding=\u00a0\u00bb80px 12% 50px 0%\u00a0\u00bb item_padding_480_600=\u00a0\u00bb80px 12% 10px 0%\u00a0\u00bb item_padding_480=\u00a0\u00bb80px 12% 10px 0%\u00a0\u00bb][vc_column_text el_class=\u00a0\u00bbhome-services\u00a0\u00bb]<strong>L\u2019equipe de Legalis Advocats<\/strong><\/p>\n<p>[\/vc_column_text][vc_empty_space height=\u00a0\u00bb25px\u00a0\u00bb][vc_column_text]Les professionnels de Legalis Advocats apportons nos connaissances et notre vaste exp\u00e9rience dans le secteur des services juridiques dans le but de conseiller et d&rsquo;apporter des solutions \u00e0 la fois aux clients priv\u00e9s et aux entreprises. Nous offrons au client un traitement personnalis\u00e9 et proche, avec l&rsquo;engagement de trouver la meilleure solution en fonction de ses objectifs.<\/p>\n<p>[\/vc_column_text][vc_empty_space height=\u00a0\u00bb25px\u00a0\u00bb]<a  itemprop=\"url\" href=\"\/fr\/equipe\" target=\"_self\" data-hover-background-color=\"#0a0a0a\" data-hover-border-color=\"#0a0a0a\" data-hover-color=\"#ffffff\" class=\"qbutton  center default\" style=\"color: #ffffff; border-color: #811937; border-radius: 20px;-moz-border-radius: 20px;-webkit-border-radius: 20px; background-color:#811937;\">Notre \u00e9quipe<\/a>[\/qode_elements_holder_item][\/qode_elements_holder][\/vc_column][vc_column offset=\u00a0\u00bbvc_col-lg-6&Prime;][qode_elements_holder number_of_columns=\u00a0\u00bbone_column\u00a0\u00bb][qode_elements_holder_item advanced_animations=\u00a0\u00bbno\u00a0\u00bb item_padding=\u00a0\u00bb60px 0% 60px\u00a0\u00bb item_padding_480_600=\u00a0\u00bb30px 0% 30px\u00a0\u00bb item_padding_480=\u00a0\u00bb30px 0% 30px\u00a0\u00bb][vc_single_image image=\u00a0\u00bb370&Prime; img_size=\u00a0\u00bbfull\u00a0\u00bb qode_css_animation=\u00a0\u00bb\u00a0\u00bb][\/qode_elements_holder_item][\/qode_elements_holder][\/vc_column][\/vc_row][vc_row css_animation=\u00a0\u00bb\u00a0\u00bb row_type=\u00a0\u00bbrow\u00a0\u00bb use_row_as_full_screen_section=\u00a0\u00bbno\u00a0\u00bb type=\u00a0\u00bbgrid\u00a0\u00bb angled_section=\u00a0\u00bbno\u00a0\u00bb text_align=\u00a0\u00bbcenter\u00a0\u00bb background_image_as_pattern=\u00a0\u00bbwithout_pattern\u00a0\u00bb z_index=\u00a0\u00bb\u00a0\u00bb background_color=\u00a0\u00bb#f7f7f7&Prime; el_id=\u00a0\u00bbcontacta\u00a0\u00bb][vc_column][qode_elements_holder number_of_columns=\u00a0\u00bbone_column\u00a0\u00bb][qode_elements_holder_item horizontal_alignment=\u00a0\u00bbcenter\u00a0\u00bb advanced_animations=\u00a0\u00bbno\u00a0\u00bb item_padding=\u00a0\u00bb50px 15% 50px\u00a0\u00bb item_padding_480_600=\u00a0\u00bb50px 0% 50px\u00a0\u00bb item_padding_480=\u00a0\u00bb50px 0% 50px\u00a0\u00bb][vc_column_text el_class=\u00a0\u00bbhome-services\u00a0\u00bb]<strong>Contactez-nous<\/strong><\/p>\n<p>[\/vc_column_text][vc_empty_space height=\u00a0\u00bb20px\u00a0\u00bb][vc_column_text]Si vous souhaitez prendre rendez-vous avec nous, par t\u00e9l\u00e9phone, par email, ou en remplissant le formulaire suivant, vous serez inform\u00e9 de mani\u00e8re personnalis\u00e9e.<\/p>\n<p>[\/vc_column_text][vc_empty_space height=\u00a0\u00bb20px\u00a0\u00bb]\n<div class=\"wpcf7 no-js\" id=\"wpcf7-f277-o1\" lang=\"fr-FR\" dir=\"ltr\" data-wpcf7-id=\"277\">\n<div class=\"screen-reader-response\"><p role=\"status\" aria-live=\"polite\" aria-atomic=\"true\"><\/p> <ul><\/ul><\/div>\n<form action=\"\/fr\/wp-json\/wp\/v2\/pages\/202#wpcf7-f277-o1\" method=\"post\" class=\"wpcf7-form init cf7_custom_style_1\" aria-label=\"Formulaire de contact\" novalidate=\"novalidate\" data-status=\"init\">\n<fieldset class=\"hidden-fields-container\"><input type=\"hidden\" name=\"_wpcf7\" value=\"277\" \/><input type=\"hidden\" name=\"_wpcf7_version\" value=\"6.1.5\" \/><input type=\"hidden\" name=\"_wpcf7_locale\" value=\"fr_FR\" \/><input type=\"hidden\" name=\"_wpcf7_unit_tag\" value=\"wpcf7-f277-o1\" \/><input type=\"hidden\" name=\"_wpcf7_container_post\" value=\"0\" \/><input type=\"hidden\" name=\"_wpcf7_posted_data_hash\" value=\"\" \/><input type=\"hidden\" name=\"_wpcf7_recaptcha_response\" value=\"\" \/>\n<\/fieldset>\n<p><span class=\"wpcf7-form-control-wrap\" data-name=\"nom\"><input size=\"40\" maxlength=\"400\" class=\"wpcf7-form-control wpcf7-text wpcf7-validates-as-required\" aria-required=\"true\" aria-invalid=\"false\" placeholder=\"Nom et pr\u00e9nom\" value=\"\" type=\"text\" name=\"nom\" \/><\/span>\n<\/p>\n<p><span class=\"wpcf7-form-control-wrap\" data-name=\"your-email\"><input size=\"40\" maxlength=\"400\" class=\"wpcf7-form-control wpcf7-email wpcf7-validates-as-required wpcf7-text wpcf7-validates-as-email\" aria-required=\"true\" aria-invalid=\"false\" placeholder=\"Courrier \u00e9lectronique\" value=\"\" type=\"email\" name=\"your-email\" \/><\/span>\n<\/p>\n<p><span class=\"wpcf7-form-control-wrap\" data-name=\"telefon\"><input size=\"40\" maxlength=\"400\" class=\"wpcf7-form-control wpcf7-text\" aria-invalid=\"false\" placeholder=\"T\u00e9l\u00e9phone de contact\" value=\"\" type=\"text\" name=\"telefon\" \/><\/span>\n<\/p>\n<p><span class=\"wpcf7-form-control-wrap\" data-name=\"missatge\"><textarea cols=\"40\" rows=\"10\" maxlength=\"2000\" class=\"wpcf7-form-control wpcf7-textarea\" aria-invalid=\"false\" placeholder=\"Objet de la visite\" name=\"missatge\"><\/textarea><\/span>\n<\/p>\n<p style=\"font-size:14px;\">Nous utiliserons ces donn\u00e9es exclusivement pour traiter votre demande. Nous ne les partageons pas avec des tiers. Vous trouverez des informations compl\u00e9mentaires sur ce traitement et sur la mani\u00e8re d'exercer vos droits d'acc\u00e8s, de rectification et d'effacement, entre autres, dans notre<a style=\"color:#811937;\" href=\"https:\/\/legalis.ad\/wp-content\/uploads\/2023\/11\/03_-Politica-de-privacitat_FR.pdf\" target=\"_blank\"> politique de confidentialit\u00e9<\/a> En cliquant sur le bouton \u00ab\u00a0Envoyer\u00a0\u00bb, vous d\u00e9clarez avoir lu et accept\u00e9 les conditions g\u00e9n\u00e9rales des <a style=\"color:#811937;\" href=\"https:\/\/legalis.ad\/wp-content\/uploads\/2023\/11\/04_Avis-legal_FR.pdf\" target=\"_blank\">mentions l\u00e9gales.<\/a>\n<\/p>\n<p><input class=\"wpcf7-form-control wpcf7-submit has-spinner\" type=\"submit\" value=\"Envoyer\" \/>\n<\/p><div class=\"wpcf7-response-output\" aria-hidden=\"true\"><\/div>\n<\/form>\n<\/div>\n[\/qode_elements_holder_item][\/qode_elements_holder][\/vc_column][\/vc_row]<\/p>\n<\/div>","protected":false},"excerpt":{"rendered":"<p>[vc_row css_animation=\u00a0\u00bb\u00a0\u00bb row_type=\u00a0\u00bbrow\u00a0\u00bb use_row_as_full_screen_section=\u00a0\u00bbno\u00a0\u00bb type=\u00a0\u00bbfull_width\u00a0\u00bb angled_section=\u00a0\u00bbno\u00a0\u00bb text_align=\u00a0\u00bbleft\u00a0\u00bb background_image_as_pattern=\u00a0\u00bbwithout_pattern\u00a0\u00bb][vc_column][qode_elements_holder number_of_columns=\u00a0\u00bbone_column\u00a0\u00bb][qode_elements_holder_item advanced_animations=\u00a0\u00bbno\u00a0\u00bb item_padding=\u00a0\u00bb-25px 0px 0px\u00a0\u00bb][\/qode_elements_holder_item][\/qode_elements_holder][\/vc_column][\/vc_row][vc_row css_animation=\u00a0\u00bb\u00a0\u00bb row_type=\u00a0\u00bbrow\u00a0\u00bb use_row_as_full_screen_section=\u00a0\u00bbno\u00a0\u00bb type=\u00a0\u00bbgrid\u00a0\u00bb angled_section=\u00a0\u00bbno\u00a0\u00bb text_align=\u00a0\u00bbleft\u00a0\u00bb background_image_as_pattern=\u00a0\u00bbwithout_pattern\u00a0\u00bb z_index=\u00a0\u00bb\u00a0\u00bb el_id=\u00a0\u00bbespecialitats\u00a0\u00bb][vc_column][qode_elements_holder number_of_columns=\u00a0\u00bbone_column\u00a0\u00bb][qode_elements_holder_item horizontal_alignment=\u00a0\u00bbcenter\u00a0\u00bb advanced_animations=\u00a0\u00bbno\u00a0\u00bb item_padding=\u00a0\u00bb25px 0px 25px\u00a0\u00bb][vc_column_text el_class=\u00a0\u00bbhome-services\u00a0\u00bb]Domaines de sp\u00e9cialisation [\/vc_column_text][vc_empty_space height=\u00a0\u00bb10px\u00a0\u00bb][vc_column_text]Legalis Advocats est un cabinet d&rsquo;avocats cr\u00e9\u00e9 en 2004 d\u00e9di\u00e9 au conseil juridique&#8230;<\/p>\n","protected":false},"author":1,"featured_media":0,"parent":0,"menu_order":0,"comment_status":"closed","ping_status":"closed","template":"full_width.php","meta":{"footnotes":""},"class_list":["post-202","page","type-page","status-publish","hentry"],"_links":{"self":[{"href":"https:\/\/legalis.ad\/fr\/wp-json\/wp\/v2\/pages\/202","targetHints":{"allow":["GET"]}}],"collection":[{"href":"https:\/\/legalis.ad\/fr\/wp-json\/wp\/v2\/pages"}],"about":[{"href":"https:\/\/legalis.ad\/fr\/wp-json\/wp\/v2\/types\/page"}],"author":[{"embeddable":true,"href":"https:\/\/legalis.ad\/fr\/wp-json\/wp\/v2\/users\/1"}],"replies":[{"embeddable":true,"href":"https:\/\/legalis.ad\/fr\/wp-json\/wp\/v2\/comments?post=202"}],"version-history":[{"count":20,"href":"https:\/\/legalis.ad\/fr\/wp-json\/wp\/v2\/pages\/202\/revisions"}],"predecessor-version":[{"id":418,"href":"https:\/\/legalis.ad\/fr\/wp-json\/wp\/v2\/pages\/202\/revisions\/418"}],"wp:attachment":[{"href":"https:\/\/legalis.ad\/fr\/wp-json\/wp\/v2\/media?parent=202"}],"curies":[{"name":"wp","href":"https:\/\/api.w.org\/{rel}","templated":true}]}}