{"id":292,"date":"2020-11-26T16:15:54","date_gmt":"2020-11-26T16:15:54","guid":{"rendered":"http:\/\/legalisa-cp702.wordpresstemporal.com\/inicio\/"},"modified":"2021-02-16T16:14:38","modified_gmt":"2021-02-16T16:14:38","slug":"inicio","status":"publish","type":"page","link":"https:\/\/legalis.ad\/es\/","title":{"rendered":"Inicio"},"content":{"rendered":"<div class=\"wpb-content-wrapper\"><p>[vc_row css_animation=\u00bb\u00bb row_type=\u00bbrow\u00bb use_row_as_full_screen_section=\u00bbno\u00bb type=\u00bbfull_width\u00bb angled_section=\u00bbno\u00bb text_align=\u00bbleft\u00bb background_image_as_pattern=\u00bbwithout_pattern\u00bb][vc_column][qode_elements_holder number_of_columns=\u00bbone_column\u00bb][qode_elements_holder_item advanced_animations=\u00bbno\u00bb item_padding=\u00bb-25px 0px 0px\u00bb]\n\t\t\t\t<p class=\"rs-p-wp-fix\"><\/p>\n\t\t\t\t<sr7-module data-alias=\"sliderES\" data-id=\"5\" id=\"SR7_5_1\" class=\"rs-ov-hidden\" data-version=\"6.7.51\">\n\t\t\t\t\t<sr7-adjuster><\/sr7-adjuster>\n\t\t\t\t\t<sr7-content>\n\t\t\t\t\t\t<sr7-slide id=\"SR7_5_1-5\" data-key=\"5\">\n\t\t\t\t\t\t\t<sr7-bg id=\"SR7_5_1-5-3\" class=\"sr7-layer\"><noscript><img decoding=\"async\" src=\"http:\/\/legalis.ad\/wp-content\/uploads\/2020\/12\/slider-home-legalis-andorra-1.jpeg\" alt=\"\" title=\"slider-home-legalis-andorra\"><\/noscript><\/sr7-bg>\n\t\t\t\t\t\t\t<h1 id=\"SR7_5_1-5-0\" class=\"sr7-layer\">Servicios legales de calidad en Andora<\/h1>\n\t\t\t\t\t\t\t<sr7-txt id=\"SR7_5_1-5-1\" class=\"sr7-layer\">Legalis Advocats es un despacho creado en 2004 dedicado al asesoramiento legal a particulares, profesionales y empresas en Andorra.<\/sr7-txt>\n\t\t\t\t\t\t\t<sr7-txt id=\"SR7_5_1-5-2\" class=\"sr7-layer\">Con\u00f3zcanos<\/sr7-txt>\n\t\t\t\t\t\t<\/sr7-slide>\n\t\t\t\t\t\t<sr7-slide id=\"SR7_5_1-10\" data-key=\"10\">\n\t\t\t\t\t\t<\/sr7-slide>\n\t\t\t\t\t<\/sr7-content>\n\t\t\t\t\t<image_lists style=\"display:none\">\n\t\t\t\t\t\t<img data-src=\"\/\/legalis.ad\/wp-content\/uploads\/2020\/12\/slider-home-legalis-andorra-1.jpeg\" data-libid=\"396\" data-lib=\"medialibrary\" title=\"slider-home-legalis-andorra\" width=\"0\" height=\"0\" data-dbsrc=\"Ly9sZWdhbGlzLmFkL3dwLWNvbnRlbnQvdXBsb2Fkcy8yMDIwLzEyL3NsaWRlci1ob21lLWxlZ2FsaXMtYW5kb3JyYS0xLmpwZWc=\"\/>\n\t\t\t\t\t<\/image_lists>\n\t\t\t\t<\/sr7-module>\n\t\t\t\t<script>\n\t\t\t\t\twindow.SR7 ??={};SR7.PMH ??={}; SR7.PMH[\"SR7_5_1\"] = {cn:100,state:false,fn: function() { if (window._tpt!==undefined && window._tpt.prepareModuleHeight !== undefined) {  _tpt.prepareModuleHeight({id:\"SR7_5_1\",el:[700,700,768,960,620],type:'standard',shdw:'0',gh:[700,700,768,960,620],gw:[1240,1240,1024,778,480],vpt:['-100px&#039;,&#039;-100px&#039;,&#039;-100px&#039;,&#039;-100px&#039;,&#039;-100px'],size:{fullWidth:true, fullHeight:false},mh:'0',onh:0,onw:0,bg:{color:'{\"orig\":\"transparent\",\"type\":\"solid\",\"string\":\"transparent\"}'},plType:'0',plColor:'#FFFFFF'});   SR7.PMH[\"SR7_5_1\"].state=true;} else if(SR7.PMH[\"SR7_5_1\"].cn-->0)\tsetTimeout( SR7.PMH[\"SR7_5_1\"].fn,19);}};SR7.PMH[\"SR7_5_1\" ].fn();\n\t\t\t\t<\/script>\n[\/qode_elements_holder_item][\/qode_elements_holder][\/vc_column][\/vc_row][vc_row css_animation=\u00bb\u00bb row_type=\u00bbrow\u00bb use_row_as_full_screen_section=\u00bbno\u00bb type=\u00bbgrid\u00bb angled_section=\u00bbno\u00bb text_align=\u00bbleft\u00bb background_image_as_pattern=\u00bbwithout_pattern\u00bb z_index=\u00bb\u00bb el_id=\u00bbespecialitats\u00bb][vc_column][qode_elements_holder number_of_columns=\u00bbone_column\u00bb][qode_elements_holder_item horizontal_alignment=\u00bbcenter\u00bb advanced_animations=\u00bbno\u00bb item_padding=\u00bb25px 0px 25px\u00bb][vc_column_text el_class=\u00bbhome-services\u00bb]<strong>\u00c1reas de especializaci\u00f3n<\/strong><\/p>\n<p>[\/vc_column_text][vc_empty_space height=\u00bb10px\u00bb][vc_column_text]Legalis Advocats es un despacho creado en 2004 dedicado al asesoramiento legal a particulares, profesionales y empresas en Andorra..<\/p>\n<p>[\/vc_column_text][\/qode_elements_holder_item][\/qode_elements_holder][\/vc_column][\/vc_row][vc_row css_animation=\u00bb\u00bb row_type=\u00bbrow\u00bb use_row_as_full_screen_section=\u00bbno\u00bb type=\u00bbgrid\u00bb angled_section=\u00bbno\u00bb text_align=\u00bbleft\u00bb background_image_as_pattern=\u00bbwithout_pattern\u00bb el_class=\u00bbbox-service-home\u00bb z_index=\u00bb\u00bb][vc_column offset=\u00bbvc_col-lg-4&#8243;][qode_elements_holder number_of_columns=\u00bbone_column\u00bb][qode_elements_holder_item advanced_animations=\u00bbno\u00bb background_color=\u00bb#f7f7f7&#8243; custom_class=\u00bbbox-service-home\u00bb][vc_raw_html el_class=\u00bbcolumn\u00bb]PGgyPkNpdmlsPC9oMj4NCjx1bD4NCjxsaT5Db250cmF0b3M8L2xpPg0KPGxpPkFycmVuZGFtaWVudG9zIHkgZGVzYWh1Y2lvczwvbGk+DQo8bGk+RGVyZWNobyBkZSBsYSBwcm9waWVkYWQgLyBjb211bmlkYWRlcyBkZSBwcm9waWV0YXJpb3M8L2xpPg0KPGxpPlJlc3BvbnNhYmlsaWRhZCBjaXZpbDwvbGk+DQo8bGk+UmVjbGFtYWNpb25lcyBkZSBjYW50aWRhZDwvbGk+DQo8bGk+RnVuZGFjaW9uZXMgeSBhc29jaWFjaW9uZXM8L2xpPg0KPGxpPkRlcmVjaG9zIGRlbCBjb25zdW1pZG9yPC9saT4NCjxsaT5Db250ZW5jaW9zbyB5IGFyYml0cmFqZXMgcHJpdmFkb3M8L2xpPg0KPC91bD4=[\/vc_raw_html][vc_empty_space height=\u00bb20px\u00bb css=\u00bb.vc_custom_1601378384022{background-color: #ffffff !important;}\u00bb][\/qode_elements_holder_item][\/qode_elements_holder][\/vc_column][vc_column offset=\u00bbvc_col-lg-4&#8243;][qode_elements_holder number_of_columns=\u00bbone_column\u00bb][qode_elements_holder_item advanced_animations=\u00bbno\u00bb background_color=\u00bb#f7f7f7&#8243;][vc_raw_html el_class=\u00bbcolumn\u00bb]PGgyPk1lcmNhbnRpbCB5IFNvY2lldGFyaW88L2gyPg0KPHVsPg0KPGxpPkNvbnRyYXRvczwvbGk+DQo8bGk+U29jaWV0YWRlczwvbGk+DQo8bGk+UGFjdG9zIGRlIHNvY2lvczwvbGk+DQo8bGk+QXNlc29yYW1pZW50b3MganVyw61kaWNvcyBpbnRlZ3JhbGVzIGEgZW1wcmVzYXMsIHByb2Zlc2lvbmFsZXMgeSBwYXJ0aWN1bGFyZXM8L2xpPg0KPGxpPkNvbmN1cnNhbDwvbGk+DQo8bGk+Q29udGVuY2lvc28geSBhcmJpdHJhamVzIHByaXZhZG9zPC9saT4NCjwvdWw+[\/vc_raw_html][vc_empty_space height=\u00bb20px\u00bb css=\u00bb.vc_custom_1601378408102{background-color: #ffffff !important;}\u00bb][\/qode_elements_holder_item][\/qode_elements_holder][\/vc_column][vc_column offset=\u00bbvc_col-lg-4&#8243;][qode_elements_holder number_of_columns=\u00bbone_column\u00bb][qode_elements_holder_item advanced_animations=\u00bbno\u00bb background_color=\u00bb#f7f7f7&#8243;][vc_raw_html el_class=\u00bbcolumn\u00bb]PGgyPkxhYm9yYWw8L2gyPg0KPHVsPg0KPGxpPkNvbnRyYXRvczwvbGk+DQo8bGk+RGVzcGlkb3M8L2xpPg0KPGxpPlNhbmNpb25lcyB5IGluZGVtbml6YWNpb25lczwvbGk+DQo8bGk+Q0FTUyAoaW5jYXBhY2l0YWNpb25lcywgcGVuc2lvbmVzKTwvbGk+DQo8bGk+Q29udGVuY2lvc28geSBhcmJpdHJhamVzIHByaXZhZG9zPC9saT4NCjwvdWw+[\/vc_raw_html][vc_empty_space height=\u00bb20px\u00bb css=\u00bb.vc_custom_1601378413534{background-color: #ffffff !important;}\u00bb][\/qode_elements_holder_item][\/qode_elements_holder][\/vc_column][\/vc_row][vc_row css_animation=\u00bb\u00bb row_type=\u00bbrow\u00bb use_row_as_full_screen_section=\u00bbno\u00bb type=\u00bbfull_width\u00bb angled_section=\u00bbno\u00bb text_align=\u00bbleft\u00bb background_image_as_pattern=\u00bbwithout_pattern\u00bb][vc_column][vc_empty_space height=\u00bb20px\u00bb][\/vc_column][\/vc_row][vc_row css_animation=\u00bb\u00bb row_type=\u00bbrow\u00bb use_row_as_full_screen_section=\u00bbno\u00bb type=\u00bbgrid\u00bb angled_section=\u00bbno\u00bb text_align=\u00bbleft\u00bb background_image_as_pattern=\u00bbwithout_pattern\u00bb el_class=\u00bbbox-service-home\u00bb z_index=\u00bb\u00bb][vc_column offset=\u00bbvc_col-lg-4&#8243;][qode_elements_holder number_of_columns=\u00bbone_column\u00bb][qode_elements_holder_item advanced_animations=\u00bbno\u00bb background_color=\u00bb#f7f7f7&#8243; custom_class=\u00bbbox-service-home\u00bb][vc_raw_html el_class=\u00bbcolumn\u00bb]PGgyPkFkbWluaXN0cmF0aXZvPC9oMj4NCjx1bD4NCjxsaT5Db250cmF0YWNpw7NuIHDDumJsaWNhPC9saT4NCjxsaT5Db25jdXJzb3MgcMO6YmxpY29zPC9saT4NCjxsaT5VcmJhbmlzbW88L2xpPg0KPGxpPkF1dG9yaXR6YWNpb25lcyB5IGxpY2VuY2lhczwvbGk+DQo8bGk+QWR1YW5hczwvbGk+DQo8bGk+RXN0cmFuZ2VyaWEgKHJlc2lkZW5jaWFzIHBhc2l2YXMpPC9saT4NCjxsaT5JbnZlcnNpw7NuIGVzdHJhbmdlcmE8L2xpPg0KPGxpPkNvbnRlbmNpb3NvPC9saT4NCjwvdWw+[\/vc_raw_html][vc_empty_space height=\u00bb20px\u00bb css=\u00bb.vc_custom_1601378423526{background-color: #ffffff !important;}\u00bb][\/qode_elements_holder_item][\/qode_elements_holder][\/vc_column][vc_column offset=\u00bbvc_col-lg-4&#8243;][qode_elements_holder number_of_columns=\u00bbone_column\u00bb][qode_elements_holder_item advanced_animations=\u00bbno\u00bb background_color=\u00bb#f7f7f7&#8243;][vc_raw_html el_class=\u00bbcolumn\u00bb]PGgyPkZhbWlsaWEgeSBzdWNlc2lvbmVzPC9oMj4NCjx1bD4NCjxsaT5TZXBhcmFjaW9uZXMsIGRpdm9yY2lvcyB5IG1lZGlkYXMgcGF0ZXJubyBmaWxpYWxlczwvbGk+DQo8bGk+VW5pb25lcyBjaXZpbGVzIHkgdW5pb25lcyBlc3RhYmxlcyBkZSBwYXJlamE8L2xpPg0KPGxpPkNvbnZlbmlvcyB5IHLDqWdpbWVuIGVjb27Ds21pY28tbWF0cmltb25pYWw8L2xpPg0KPGxpPlN1Y2VzaW9uZXM8L2xpPg0KPGxpPkluY2FwYWNpdGFjaW9uZXMganVkaWNpYWxlczwvbGk+DQo8bGk+SW5mYW5jaWE8L2xpPg0KPGxpPkNvbnRlbmNpb3NvPC9saT4NCjwvdWw+[\/vc_raw_html][vc_empty_space height=\u00bb20px\u00bb css=\u00bb.vc_custom_1601378428909{background-color: #ffffff !important;}\u00bb][\/qode_elements_holder_item][\/qode_elements_holder][\/vc_column][vc_column offset=\u00bbvc_col-lg-4&#8243;][qode_elements_holder number_of_columns=\u00bbone_column\u00bb][qode_elements_holder_item advanced_animations=\u00bbno\u00bb background_color=\u00bb#f7f7f7&#8243;][vc_raw_html el_class=\u00bbcolumn\u00bb]PGgyPlByb3BpZWRhZCBpbnRlbGVjdHVhbCB5IFByb3RlY2Npw7NuIGRlIGRhdG9zPC9oMj4NCjx1bD4NCjxsaT5EZXJlY2hvcyBkZSBhdXRvciB5IHZlY2lub3M8L2xpPg0KPGxpPlByb3RlY2Npw7NuIGRlIGRhdG9zPC9saT4NCjwvdWw+[\/vc_raw_html][vc_empty_space height=\u00bb20px\u00bb css=\u00bb.vc_custom_1601378435885{background-color: #ffffff !important;}\u00bb][\/qode_elements_holder_item][\/qode_elements_holder][\/vc_column][\/vc_row][vc_row css_animation=\u00bb\u00bb row_type=\u00bbrow\u00bb use_row_as_full_screen_section=\u00bbno\u00bb type=\u00bbfull_width\u00bb angled_section=\u00bbno\u00bb text_align=\u00bbleft\u00bb background_image_as_pattern=\u00bbwithout_pattern\u00bb][vc_column][vc_empty_space height=\u00bb50px\u00bb][\/vc_column][\/vc_row][vc_row css_animation=\u00bb\u00bb row_type=\u00bbrow\u00bb use_row_as_full_screen_section=\u00bbno\u00bb type=\u00bbfull_width\u00bb angled_section=\u00bbno\u00bb text_align=\u00bbleft\u00bb background_image_as_pattern=\u00bbwithout_pattern\u00bb z_index=\u00bb\u00bb background_image=\u00bb390&#8243;][vc_column][qode_elements_holder number_of_columns=\u00bbone_column\u00bb][qode_elements_holder_item horizontal_alignment=\u00bbcenter\u00bb advanced_animations=\u00bbno\u00bb item_padding=\u00bb50px 0% 50px\u00bb][vc_column_text el_class=\u00bbhome-banner\u00bb]\u00bfQuiere contratar alguno de nuestros servicios?<\/p>\n<p>[\/vc_column_text][vc_empty_space height=\u00bb10px\u00bb][vc_column_text el_class=\u00bbhome-banner-text\u00bb]Estamos comprometidos en dar el mejor servicio a nuestros clientes, con conocimiento, experiencia y dedicaci\u00f3n.<\/p>\n<p>[\/vc_column_text][vc_empty_space height=\u00bb20px\u00bb]<a  itemprop=\"url\" href=\"#contacta\" target=\"_self\" data-hover-background-color=\"#f7f7f7\" data-hover-border-color=\"#f7f7f7\" data-hover-color=\"#1e1e1e\" class=\"qbutton  center default\" style=\"color: #ffffff; border-color: #811937; border-radius: 20px;-moz-border-radius: 20px;-webkit-border-radius: 20px; background-color:#811937;\">Cita previa<\/a>[\/qode_elements_holder_item][\/qode_elements_holder][\/vc_column][\/vc_row][vc_row css_animation=\u00bb\u00bb row_type=\u00bbrow\u00bb use_row_as_full_screen_section=\u00bbno\u00bb type=\u00bbgrid\u00bb angled_section=\u00bbno\u00bb text_align=\u00bbleft\u00bb background_image_as_pattern=\u00bbwithout_pattern\u00bb z_index=\u00bb\u00bb el_id=\u00bbnosaltres\u00bb][vc_column offset=\u00bbvc_col-lg-6&#8243;][qode_elements_holder number_of_columns=\u00bbone_column\u00bb][qode_elements_holder_item advanced_animations=\u00bbno\u00bb item_padding=\u00bb80px 12% 50px 0%\u00bb item_padding_480_600=\u00bb80px 12% 10px 0%\u00bb item_padding_480=\u00bb80px 12% 10px 0%\u00bb][vc_column_text el_class=\u00bbhome-services\u00bb]<strong>El equipo Legalis Advocats<\/strong><\/p>\n<p>[\/vc_column_text][vc_empty_space height=\u00bb25px\u00bb][vc_column_text]Los profesionales de Legalis Advocats aportamos nuestros conocimientos y amplia experiencia en el sector de los servicios legales con el objetivo de aconsejar y aportar soluciones tanto a clientes particulares como a empresas. Ofrecemos al cliente un trato personalizado y cercano, con el compromiso de encontrar la mejor soluci\u00f3n en funci\u00f3n de sus objetivos.<\/p>\n<p>[\/vc_column_text][vc_empty_space height=\u00bb25px\u00bb]<a  itemprop=\"url\" href=\"\/es\/equipo\" target=\"_self\" data-hover-background-color=\"#0a0a0a\" data-hover-border-color=\"#0a0a0a\" data-hover-color=\"#ffffff\" class=\"qbutton  center default\" style=\"color: #ffffff; border-color: #811937; border-radius: 20px;-moz-border-radius: 20px;-webkit-border-radius: 20px; background-color:#811937;\">Con\u00f3zcanos<\/a>[\/qode_elements_holder_item][\/qode_elements_holder][\/vc_column][vc_column offset=\u00bbvc_col-lg-6&#8243;][qode_elements_holder number_of_columns=\u00bbone_column\u00bb][qode_elements_holder_item advanced_animations=\u00bbno\u00bb item_padding=\u00bb60px 0% 60px\u00bb item_padding_480_600=\u00bb30px 0% 30px\u00bb item_padding_480=\u00bb30px 0% 30px\u00bb][vc_single_image image=\u00bb371&#8243; img_size=\u00bbfull\u00bb qode_css_animation=\u00bb\u00bb][\/qode_elements_holder_item][\/qode_elements_holder][\/vc_column][\/vc_row][vc_row css_animation=\u00bb\u00bb row_type=\u00bbrow\u00bb use_row_as_full_screen_section=\u00bbno\u00bb type=\u00bbgrid\u00bb angled_section=\u00bbno\u00bb text_align=\u00bbcenter\u00bb background_image_as_pattern=\u00bbwithout_pattern\u00bb z_index=\u00bb\u00bb background_color=\u00bb#f7f7f7&#8243; el_id=\u00bbcontacta\u00bb][vc_column][qode_elements_holder number_of_columns=\u00bbone_column\u00bb][qode_elements_holder_item horizontal_alignment=\u00bbcenter\u00bb advanced_animations=\u00bbno\u00bb item_padding=\u00bb50px 15% 50px\u00bb item_padding_480_600=\u00bb50px 0% 50px\u00bb item_padding_480=\u00bb50px 0% 50px\u00bb][vc_column_text el_class=\u00bbhome-services\u00bb]<strong>Contacte con nosotros<\/strong><\/p>\n<p>[\/vc_column_text][vc_empty_space height=\u00bb20px\u00bb][vc_column_text]Si desea concertar una cita con nosotros, puede hacerlo por tel\u00e9fono, correo electr\u00f3nico o rellenando el siguiente formulario, le informaremos de manera personalizada.<\/p>\n<p>[\/vc_column_text][vc_empty_space height=\u00bb20px\u00bb]\n<div class=\"wpcf7 no-js\" id=\"wpcf7-f331-o1\" lang=\"es-ES\" dir=\"ltr\" data-wpcf7-id=\"331\">\n<div class=\"screen-reader-response\"><p role=\"status\" aria-live=\"polite\" aria-atomic=\"true\"><\/p> <ul><\/ul><\/div>\n<form action=\"\/es\/wp-json\/wp\/v2\/pages\/292#wpcf7-f331-o1\" method=\"post\" class=\"wpcf7-form init cf7_custom_style_1\" aria-label=\"Formulario de contacto\" novalidate=\"novalidate\" data-status=\"init\">\n<fieldset class=\"hidden-fields-container\"><input type=\"hidden\" name=\"_wpcf7\" value=\"331\" \/><input type=\"hidden\" name=\"_wpcf7_version\" value=\"6.1.5\" \/><input type=\"hidden\" name=\"_wpcf7_locale\" value=\"es_ES\" \/><input type=\"hidden\" name=\"_wpcf7_unit_tag\" value=\"wpcf7-f331-o1\" \/><input type=\"hidden\" name=\"_wpcf7_container_post\" value=\"0\" \/><input type=\"hidden\" name=\"_wpcf7_posted_data_hash\" value=\"\" \/><input type=\"hidden\" name=\"_wpcf7_recaptcha_response\" value=\"\" \/>\n<\/fieldset>\n<p><span class=\"wpcf7-form-control-wrap\" data-name=\"nom\"><input size=\"40\" maxlength=\"400\" class=\"wpcf7-form-control wpcf7-text wpcf7-validates-as-required\" aria-required=\"true\" aria-invalid=\"false\" placeholder=\"Nombre y Apellidos\" value=\"\" type=\"text\" name=\"nom\" \/><\/span>\n<\/p>\n<p><span class=\"wpcf7-form-control-wrap\" data-name=\"your-email\"><input size=\"40\" maxlength=\"400\" class=\"wpcf7-form-control wpcf7-email wpcf7-validates-as-required wpcf7-text wpcf7-validates-as-email\" aria-required=\"true\" aria-invalid=\"false\" placeholder=\"Correo electr\u00f3nicoc\" value=\"\" type=\"email\" name=\"your-email\" \/><\/span>\n<\/p>\n<p><span class=\"wpcf7-form-control-wrap\" data-name=\"telefon\"><input size=\"40\" maxlength=\"400\" class=\"wpcf7-form-control wpcf7-text\" aria-invalid=\"false\" placeholder=\"Tel\u00e9fono de contacto\" value=\"\" type=\"text\" name=\"telefon\" \/><\/span>\n<\/p>\n<p><span class=\"wpcf7-form-control-wrap\" data-name=\"missatge\"><textarea cols=\"40\" rows=\"10\" maxlength=\"2000\" class=\"wpcf7-form-control wpcf7-textarea\" aria-invalid=\"false\" placeholder=\"Asunto de la visita\" name=\"missatge\"><\/textarea><\/span>\n<\/p>\n<p style=\"font-size:14px;\">Utilizaremos estos datos exclusivamente para atender su solicitud. No compartimos estos datos con terceros, y en nuestra <a style=\"color:#811937;\" href=\"https:\/\/legalis.ad\/wp-content\/uploads\/2023\/11\/03_Politica-de-privacitat-ESP.pdf\" target=\"_blank\"> pol\u00edtica de privacidad<\/a> encontrar\u00e1 informaci\u00f3n adicional sobre este tratamiento, y sobre la forma de ejercer sus derechos de acceso, rectificaci\u00f3n y supresi\u00f3n, entre otros. Al pulsar el bot\u00f3n \"Enviar\" declara haber le\u00eddo y aceptar los t\u00e9rminos y condiciones de <a style=\"color:#811937;\" href=\"https:\/\/legalis.ad\/wp-content\/uploads\/2023\/11\/04_Avis-legal_ESP.pdf\" target=\"_blank\">el aviso legal.<\/a>\n<\/p>\n<p><input class=\"wpcf7-form-control wpcf7-submit has-spinner\" type=\"submit\" value=\"Enviar\" \/>\n<\/p><div class=\"wpcf7-response-output\" aria-hidden=\"true\"><\/div>\n<\/form>\n<\/div>\n[\/qode_elements_holder_item][\/qode_elements_holder][\/vc_column][\/vc_row]<\/p>\n<\/div>","protected":false},"excerpt":{"rendered":"<p>[vc_row css_animation=\u00bb\u00bb row_type=\u00bbrow\u00bb use_row_as_full_screen_section=\u00bbno\u00bb type=\u00bbfull_width\u00bb angled_section=\u00bbno\u00bb text_align=\u00bbleft\u00bb background_image_as_pattern=\u00bbwithout_pattern\u00bb][vc_column][qode_elements_holder number_of_columns=\u00bbone_column\u00bb][qode_elements_holder_item advanced_animations=\u00bbno\u00bb item_padding=\u00bb-25px 0px 0px\u00bb][\/qode_elements_holder_item][\/qode_elements_holder][\/vc_column][\/vc_row][vc_row css_animation=\u00bb\u00bb row_type=\u00bbrow\u00bb use_row_as_full_screen_section=\u00bbno\u00bb type=\u00bbgrid\u00bb angled_section=\u00bbno\u00bb text_align=\u00bbleft\u00bb background_image_as_pattern=\u00bbwithout_pattern\u00bb z_index=\u00bb\u00bb el_id=\u00bbespecialitats\u00bb][vc_column][qode_elements_holder number_of_columns=\u00bbone_column\u00bb][qode_elements_holder_item horizontal_alignment=\u00bbcenter\u00bb advanced_animations=\u00bbno\u00bb item_padding=\u00bb25px 0px 25px\u00bb][vc_column_text el_class=\u00bbhome-services\u00bb]\u00c1reas de especializaci\u00f3n [\/vc_column_text][vc_empty_space height=\u00bb10px\u00bb][vc_column_text]Legalis Advocats es un despacho creado en 2004 dedicado al asesoramiento legal a&#8230;<\/p>\n","protected":false},"author":1,"featured_media":0,"parent":0,"menu_order":0,"comment_status":"closed","ping_status":"closed","template":"full_width.php","meta":{"footnotes":""},"class_list":["post-292","page","type-page","status-publish","hentry"],"_links":{"self":[{"href":"https:\/\/legalis.ad\/es\/wp-json\/wp\/v2\/pages\/292","targetHints":{"allow":["GET"]}}],"collection":[{"href":"https:\/\/legalis.ad\/es\/wp-json\/wp\/v2\/pages"}],"about":[{"href":"https:\/\/legalis.ad\/es\/wp-json\/wp\/v2\/types\/page"}],"author":[{"embeddable":true,"href":"https:\/\/legalis.ad\/es\/wp-json\/wp\/v2\/users\/1"}],"replies":[{"embeddable":true,"href":"https:\/\/legalis.ad\/es\/wp-json\/wp\/v2\/comments?post=292"}],"version-history":[{"count":26,"href":"https:\/\/legalis.ad\/es\/wp-json\/wp\/v2\/pages\/292\/revisions"}],"predecessor-version":[{"id":414,"href":"https:\/\/legalis.ad\/es\/wp-json\/wp\/v2\/pages\/292\/revisions\/414"}],"wp:attachment":[{"href":"https:\/\/legalis.ad\/es\/wp-json\/wp\/v2\/media?parent=292"}],"curies":[{"name":"wp","href":"https:\/\/api.w.org\/{rel}","templated":true}]}}