{"id":287,"date":"2020-10-09T13:46:38","date_gmt":"2020-10-09T13:46:38","guid":{"rendered":"http:\/\/legalisa-cp702.wordpresstemporal.com\/cookies-policy\/"},"modified":"2020-10-09T13:46:38","modified_gmt":"2020-10-09T13:46:38","slug":"cookies-policy","status":"publish","type":"page","link":"https:\/\/legalis.ad\/en\/cookies-policy\/","title":{"rendered":"Cookies policy"},"content":{"rendered":"<div class=\"wpb-content-wrapper\"><p>[vc_row css_animation=&#8221;&#8221; row_type=&#8221;row&#8221; use_row_as_full_screen_section=&#8221;no&#8221; type=&#8221;full_width&#8221; angled_section=&#8221;no&#8221; text_align=&#8221;left&#8221; background_image_as_pattern=&#8221;without_pattern&#8221;][vc_column][qode_elements_holder number_of_columns=&#8221;one_column&#8221;][qode_elements_holder_item advanced_animations=&#8221;no&#8221; item_padding=&#8221;220px 15% 50px&#8221; item_padding_480_600=&#8221;20px 1% 50px&#8221; item_padding_480=&#8221;20px 1% 50px&#8221;][vc_column_text]<strong>Pol\u00edtica de cookies Contingut<\/strong><\/p>\n<p>Aquest lloc web utilitza cookies pr\u00f2pies i de tercers per oferir-vos una millor experi\u00e8ncia i servei. En navegar o utilitzar els nostres serveis, accepteu l\u2019\u00fas que fem de les cookies. No obstant aix\u00f2, teniu l\u2019opci\u00f3 d\u2019impedir la generaci\u00f3 de cookies i la seva eliminaci\u00f3 seleccionant l\u2019opci\u00f3 corresponent al vostre navegador. Si bloquegeu l\u2019\u00fas de cookies al vostre navegador, \u00e9s possible que alguns serveis o funcions del lloc web no estiguin disponibles.<\/p>\n<p>&nbsp;<\/p>\n<p><strong>Qu\u00e8 \u00e9s una cookie?<\/strong><\/p>\n<p>Les cookies s\u00f3n una eina que fan servir els servidors web per emmagatzemar i recuperar informaci\u00f3 sobre els vostres visitants. Es tracta d\u2019un identificador \u00fanic en forma de fitxer de text que s\u2019envia al dispositiu de l\u2019usuari per gravar informaci\u00f3, millorant aix\u00ed la qualitat i la seguretat del lloc web. Tenen una data de caducitat a partir de la qual deixen de ser operatius.<\/p>\n<p>&nbsp;<\/p>\n<p><strong>Utilitat de les cookies al meu lloc web<\/strong><\/p>\n<p>Utilitzem cookies per facilitar la navegaci\u00f3 web i per obtenir una major efici\u00e8ncia i personalitzaci\u00f3 dels serveis que oferim. Les cookies utilitzades s\u2019associen \u00fanicament a un usuari an\u00f2nim i al seu dispositiu, no proporcionen refer\u00e8ncies que permetin obtenir les vostres dades personals ni incloure-hi virus. Tampoc es poden llegir les cookies que es llegeixen al vostre dispositiu des d&#8217;altres servidors. La informaci\u00f3 que analitzem mitjan\u00e7ant cookies \u00e9s l\u2019adre\u00e7a de protocol d\u2019Internet (IP) que s\u2019utilitza per connectar l\u2019ordinador a Internet, el tipus i la versi\u00f3 del navegador, el sistema operatiu i la plataforma utilitzats per a la connexi\u00f3 i la data i hora d\u2019aquesta activitat.<\/p>\n<p>&nbsp;<\/p>\n<p><strong>Cookies utilitzades<\/strong><\/p>\n<p>Utilitzem cookies permanents que s\u2019emmagatzemen al dispositiu de l\u2019usuari i que permeten recuperar informaci\u00f3 de navegaci\u00f3 en la propera visita. Tenen una data de caducitat. Aquestes cookies ens permeten personalitzar les vostres visites a trav\u00e9s de les vostres prefer\u00e8ncies (per exemple, pa\u00eds i idioma).<\/p>\n<p>&nbsp;<\/p>\n<p>Tamb\u00e9 fem servir cookies de tercers que ens permeten gestionar i millorar els serveis oferts. Per exemple, serveis estad\u00edstics de Google Analytics.<\/p>\n<p>&nbsp;<\/p>\n<p><strong>Cookies d\u2019an\u00e0lisi estad\u00edstica i registre<\/strong><\/p>\n<p>Utilitzem cookies permanents que s\u2019emmagatzemen al dispositiu de l\u2019usuari i que permeten recuperar informaci\u00f3 de navegaci\u00f3 en la propera visita. Tenen una data de caducitat. Aquestes cookies ens permeten personalitzar les vostres visites a trav\u00e9s de les vostres prefer\u00e8ncies (per exemple, pa\u00eds i idioma).<\/p>\n<p>&nbsp;<\/p>\n<p>Tamb\u00e9 fem servir cookies de tercers que ens permeten gestionar i millorar els serveis oferts. Per exemple, serveis estad\u00edstics de Google Analytics. A continuaci\u00f3 recopilem de forma esquem\u00e0tica les cookies descrites anteriorment i utilitzades al lloc web:<\/p>\n<p>&nbsp;<\/p>\n<p><strong>ASP.NET_SessionId, ids, sAct:<\/strong> aquestes cookies s\u00f3n identificadors de sessi\u00f3 proporcionats pel servidor ASP de Microsoft i s\u00f3n propietaris del sistema. S&#8217;utilitzen per identificar un usuari que ha iniciat la sessi\u00f3 al nostre lloc web. L&#8217;empresa que proporciona les cookies \u00e9s # Company #.<\/p>\n<p><strong>CookiesUserAccepted:<\/strong> aquesta cookie es genera autom\u00e0ticament quan s\u2019accepta la pol\u00edtica de cookies del lloc web, ens permet no tornar a mostrar l\u2019advert\u00e8ncia si ja l\u2019heu acceptada.<\/p>\n<p>&nbsp;<\/p>\n<p>Cookies implementades per google:<br \/>\n<strong>_ga:<\/strong> s&#8217;utilitza per distingir els usuaris. (Durada predeterminada: 2 anys)<br \/>\n<strong>_gid:<\/strong> 24 hores S\u2019utilitza per distingir els usuaris. (Durada predeterminada: 24 hores)<br \/>\n<strong>_gat:<\/strong> s\u2019utilitza per limitar el percentatge de sol\u00b7licituds. Si Google Analytics s\u2019implementa mitjan\u00e7ant Google Tag Manager, aquesta galeta s\u2019anomenar\u00e0 _dc_gtm_ &lt;property-id&gt;. (Durada predeterminada: 1 minut)<br \/>\n<strong>__utma:<\/strong> s\u2019utilitza per distingir usuaris i sessions. La cookie es crea quan s\u2019executa la biblioteca JavaScript i no hi ha cookies (Durada predeterminada: dos anys despr\u00e9s de la configuraci\u00f3 o actualitzaci\u00f3. __Utma: la cookie s\u2019actualitza cada vegada que s\u2019envien dades a Google Analytics.<br \/>\n<strong>__utmt:<\/strong> s\u2019utilitza per limitar el percentatge de sol\u00b7licituds. (Durada predeterminada: 10 minuts)<br \/>\n<strong>__utmb:<\/strong> s\u2019utilitza per determinar noves sessions o visites. La cookie es crea quan s\u2019executa la biblioteca JavaScript i no hi ha cap cookie __utmb. La cookie s\u2019actualitza cada vegada que s\u2019envien dades a Google Analytics. (Temps predeterminat: 30 minuts des de la configuraci\u00f3 o actualitzaci\u00f3)<br \/>\n<strong>__utmc:<\/strong> no s&#8217;utilitza a ga.js. Est\u00e0 configurat per interactuar amb urchin.js. Anteriorment, aquesta cookie actuava conjuntament amb la cookie __utmb per determinar si l&#8217;usuari estava en una nova sessi\u00f3 o visita. (Durada predeterminada: final de la sessi\u00f3 del navegador)<br \/>\n<strong>__utmz:<\/strong> emmagatzema la font de tr\u00e0nsit o la campanya que explica com va arribar l&#8217;usuari al lloc. La cookie es crea quan s\u2019executa la biblioteca JavaScript i s\u2019actualitza cada vegada que s\u2019envien dades a Google Analytics. (Durada predeterminada: sis mesos des de la configuraci\u00f3 o actualitzaci\u00f3)<br \/>\n<strong>__utmv:<\/strong> s\u2019utilitza per emmagatzemar dades de VA[\/vc_column_text][\/qode_elements_holder_item][\/qode_elements_holder][\/vc_column][\/vc_row]<\/p>\n<\/div>","protected":false},"excerpt":{"rendered":"<p>[vc_row css_animation=&#8221;&#8221; row_type=&#8221;row&#8221; use_row_as_full_screen_section=&#8221;no&#8221; type=&#8221;full_width&#8221; angled_section=&#8221;no&#8221; text_align=&#8221;left&#8221; background_image_as_pattern=&#8221;without_pattern&#8221;][vc_column][qode_elements_holder number_of_columns=&#8221;one_column&#8221;][qode_elements_holder_item advanced_animations=&#8221;no&#8221; item_padding=&#8221;220px 15% 50px&#8221; item_padding_480_600=&#8221;20px 1% 50px&#8221; item_padding_480=&#8221;20px 1% 50px&#8221;][vc_column_text]Pol\u00edtica de cookies Contingut Aquest lloc web utilitza cookies pr\u00f2pies i de tercers per oferir-vos una millor experi\u00e8ncia i servei. En navegar o utilitzar els nostres serveis,&#8230;<\/p>\n","protected":false},"author":1,"featured_media":0,"parent":0,"menu_order":0,"comment_status":"closed","ping_status":"closed","template":"","meta":{"footnotes":""},"class_list":["post-287","page","type-page","status-publish","hentry"],"_links":{"self":[{"href":"https:\/\/legalis.ad\/en\/wp-json\/wp\/v2\/pages\/287","targetHints":{"allow":["GET"]}}],"collection":[{"href":"https:\/\/legalis.ad\/en\/wp-json\/wp\/v2\/pages"}],"about":[{"href":"https:\/\/legalis.ad\/en\/wp-json\/wp\/v2\/types\/page"}],"author":[{"embeddable":true,"href":"https:\/\/legalis.ad\/en\/wp-json\/wp\/v2\/users\/1"}],"replies":[{"embeddable":true,"href":"https:\/\/legalis.ad\/en\/wp-json\/wp\/v2\/comments?post=287"}],"version-history":[{"count":1,"href":"https:\/\/legalis.ad\/en\/wp-json\/wp\/v2\/pages\/287\/revisions"}],"predecessor-version":[{"id":288,"href":"https:\/\/legalis.ad\/en\/wp-json\/wp\/v2\/pages\/287\/revisions\/288"}],"wp:attachment":[{"href":"https:\/\/legalis.ad\/en\/wp-json\/wp\/v2\/media?parent=287"}],"curies":[{"name":"wp","href":"https:\/\/api.w.org\/{rel}","templated":true}]}}